{"id":3578,"date":"2022-04-19T04:11:28","date_gmt":"2022-04-19T04:11:28","guid":{"rendered":"https:\/\/www.avitasystem.com\/?page_id=3578"},"modified":"2022-05-31T13:10:30","modified_gmt":"2022-05-31T13:10:30","slug":"integrated-industrialised-construction-system","status":"publish","type":"page","link":"https:\/\/www.avitasystem.com\/en\/integrated-industrialised-construction-system\/","title":{"rendered":"Integrated System"},"content":{"rendered":"","protected":false},"excerpt":{"rendered":"","protected":false},"author":12,"featured_media":0,"parent":0,"menu_order":0,"comment_status":"closed","ping_status":"closed","template":"sistema-integral-page.php","meta":{"_acf_changed":false,"footnotes":""},"class_list":["post-3578","page","type-page","status-publish","hentry"],"acf":[],"yoast_head":"<!-- This site is optimized with the Yoast SEO plugin v27.3 - https:\/\/yoast.com\/product\/yoast-seo-wordpress\/ -->\n<title>Viviendas industrializadas de calidad y sostenibles | \u00c1VIT-A<\/title>\n<meta name=\"description\" content=\"\u00c1VIT-A: sistema integral de construcci\u00f3n industrializada basado en innovaci\u00f3n y digitalizaci\u00f3n, dise\u00f1ado para producir viviendas conectadas de alta calidad\" \/>\n<meta name=\"robots\" content=\"index, follow, max-snippet:-1, max-image-preview:large, max-video-preview:-1\" \/>\n<meta property=\"og:locale\" content=\"en_US\" \/>\n<meta property=\"og:type\" content=\"article\" \/>\n<meta property=\"og:title\" content=\"Sistema integral | \u00c1VIT-A\" \/>\n<meta property=\"og:description\" content=\"\u00c1VIT-A es un sistema integral de construcci\u00f3n industrializada, dise\u00f1ado y fabricado para producir viviendas conectadas de alta calidad y bajo coste de manera constante\" \/>\n<meta property=\"og:url\" content=\"https:\/\/www.avitasystem.com\/en\/integrated-industrialised-construction-system\/\" \/>\n<meta property=\"og:site_name\" content=\"Construcci\u00f3n industrializada | \u00c1vita\" \/>\n<meta property=\"article:modified_time\" content=\"2022-05-31T13:10:30+00:00\" \/>\n<meta name=\"twitter:card\" content=\"summary_large_image\" \/>\n<meta name=\"twitter:title\" content=\"Sistema integral | \u00c1VIT-A\" \/>\n<meta name=\"twitter:description\" content=\"\u00c1VIT-A es un sistema integral de construcci\u00f3n industrializada, dise\u00f1ado y fabricado para producir viviendas conectadas de alta calidad y bajo coste de manera constante\" \/>\n<script type=\"application\/ld+json\" class=\"yoast-schema-graph\">{\"@context\":\"https:\\\/\\\/schema.org\",\"@graph\":[{\"@type\":\"WebPage\",\"@id\":\"https:\\\/\\\/www.avitasystem.com\\\/en\\\/integrated-industrialised-construction-system\\\/\",\"url\":\"https:\\\/\\\/www.avitasystem.com\\\/en\\\/integrated-industrialised-construction-system\\\/\",\"name\":\"Viviendas industrializadas de calidad y sostenibles | \u00c1VIT-A\",\"isPartOf\":{\"@id\":\"https:\\\/\\\/www.avitasystem.com\\\/#website\"},\"datePublished\":\"2022-04-19T04:11:28+00:00\",\"dateModified\":\"2022-05-31T13:10:30+00:00\",\"description\":\"\u00c1VIT-A: sistema integral de construcci\u00f3n industrializada basado en innovaci\u00f3n y digitalizaci\u00f3n, dise\u00f1ado para producir viviendas conectadas de alta calidad\",\"breadcrumb\":{\"@id\":\"https:\\\/\\\/www.avitasystem.com\\\/en\\\/integrated-industrialised-construction-system\\\/#breadcrumb\"},\"inLanguage\":\"en-US\",\"potentialAction\":[{\"@type\":\"ReadAction\",\"target\":[\"https:\\\/\\\/www.avitasystem.com\\\/en\\\/integrated-industrialised-construction-system\\\/\"]}]},{\"@type\":\"BreadcrumbList\",\"@id\":\"https:\\\/\\\/www.avitasystem.com\\\/en\\\/integrated-industrialised-construction-system\\\/#breadcrumb\",\"itemListElement\":[{\"@type\":\"ListItem\",\"position\":1,\"name\":\"Portada\",\"item\":\"https:\\\/\\\/www.avitasystem.com\\\/\"},{\"@type\":\"ListItem\",\"position\":2,\"name\":\"Integrated System\"}]},{\"@type\":\"WebSite\",\"@id\":\"https:\\\/\\\/www.avitasystem.com\\\/#website\",\"url\":\"https:\\\/\\\/www.avitasystem.com\\\/\",\"name\":\"Construcci\u00f3n industrializada | \u00c1vita\",\"description\":\"\u00e1vita, el primer sistema integral de construcci\u00f3n industrializada en Espa\u00f1a.\",\"potentialAction\":[{\"@type\":\"SearchAction\",\"target\":{\"@type\":\"EntryPoint\",\"urlTemplate\":\"https:\\\/\\\/www.avitasystem.com\\\/?s={search_term_string}\"},\"query-input\":{\"@type\":\"PropertyValueSpecification\",\"valueRequired\":true,\"valueName\":\"search_term_string\"}}],\"inLanguage\":\"en-US\"}]}<\/script>\n<!-- \/ Yoast SEO plugin. -->","yoast_head_json":{"title":"Viviendas industrializadas de calidad y sostenibles | \u00c1VIT-A","description":"\u00c1VIT-A: sistema integral de construcci\u00f3n industrializada basado en innovaci\u00f3n y digitalizaci\u00f3n, dise\u00f1ado para producir viviendas conectadas de alta calidad","robots":{"index":"index","follow":"follow","max-snippet":"max-snippet:-1","max-image-preview":"max-image-preview:large","max-video-preview":"max-video-preview:-1"},"og_locale":"en_US","og_type":"article","og_title":"Sistema integral | \u00c1VIT-A","og_description":"\u00c1VIT-A es un sistema integral de construcci\u00f3n industrializada, dise\u00f1ado y fabricado para producir viviendas conectadas de alta calidad y bajo coste de manera constante","og_url":"https:\/\/www.avitasystem.com\/en\/integrated-industrialised-construction-system\/","og_site_name":"Construcci\u00f3n industrializada | \u00c1vita","article_modified_time":"2022-05-31T13:10:30+00:00","twitter_card":"summary_large_image","twitter_title":"Sistema integral | \u00c1VIT-A","twitter_description":"\u00c1VIT-A es un sistema integral de construcci\u00f3n industrializada, dise\u00f1ado y fabricado para producir viviendas conectadas de alta calidad y bajo coste de manera constante","schema":{"@context":"https:\/\/schema.org","@graph":[{"@type":"WebPage","@id":"https:\/\/www.avitasystem.com\/en\/integrated-industrialised-construction-system\/","url":"https:\/\/www.avitasystem.com\/en\/integrated-industrialised-construction-system\/","name":"Viviendas industrializadas de calidad y sostenibles | \u00c1VIT-A","isPartOf":{"@id":"https:\/\/www.avitasystem.com\/#website"},"datePublished":"2022-04-19T04:11:28+00:00","dateModified":"2022-05-31T13:10:30+00:00","description":"\u00c1VIT-A: sistema integral de construcci\u00f3n industrializada basado en innovaci\u00f3n y digitalizaci\u00f3n, dise\u00f1ado para producir viviendas conectadas de alta calidad","breadcrumb":{"@id":"https:\/\/www.avitasystem.com\/en\/integrated-industrialised-construction-system\/#breadcrumb"},"inLanguage":"en-US","potentialAction":[{"@type":"ReadAction","target":["https:\/\/www.avitasystem.com\/en\/integrated-industrialised-construction-system\/"]}]},{"@type":"BreadcrumbList","@id":"https:\/\/www.avitasystem.com\/en\/integrated-industrialised-construction-system\/#breadcrumb","itemListElement":[{"@type":"ListItem","position":1,"name":"Portada","item":"https:\/\/www.avitasystem.com\/"},{"@type":"ListItem","position":2,"name":"Integrated System"}]},{"@type":"WebSite","@id":"https:\/\/www.avitasystem.com\/#website","url":"https:\/\/www.avitasystem.com\/","name":"Construcci\u00f3n industrializada | \u00c1vita","description":"\u00e1vita, el primer sistema integral de construcci\u00f3n industrializada en Espa\u00f1a.","potentialAction":[{"@type":"SearchAction","target":{"@type":"EntryPoint","urlTemplate":"https:\/\/www.avitasystem.com\/?s={search_term_string}"},"query-input":{"@type":"PropertyValueSpecification","valueRequired":true,"valueName":"search_term_string"}}],"inLanguage":"en-US"}]}},"_links":{"self":[{"href":"https:\/\/www.avitasystem.com\/en\/wp-json\/wp\/v2\/pages\/3578","targetHints":{"allow":["GET"]}}],"collection":[{"href":"https:\/\/www.avitasystem.com\/en\/wp-json\/wp\/v2\/pages"}],"about":[{"href":"https:\/\/www.avitasystem.com\/en\/wp-json\/wp\/v2\/types\/page"}],"author":[{"embeddable":true,"href":"https:\/\/www.avitasystem.com\/en\/wp-json\/wp\/v2\/users\/12"}],"replies":[{"embeddable":true,"href":"https:\/\/www.avitasystem.com\/en\/wp-json\/wp\/v2\/comments?post=3578"}],"version-history":[{"count":12,"href":"https:\/\/www.avitasystem.com\/en\/wp-json\/wp\/v2\/pages\/3578\/revisions"}],"predecessor-version":[{"id":5099,"href":"https:\/\/www.avitasystem.com\/en\/wp-json\/wp\/v2\/pages\/3578\/revisions\/5099"}],"wp:attachment":[{"href":"https:\/\/www.avitasystem.com\/en\/wp-json\/wp\/v2\/media?parent=3578"}],"curies":[{"name":"wp","href":"https:\/\/api.w.org\/{rel}","templated":true}]}}