{"id":3580,"date":"2020-12-15T05:32:06","date_gmt":"2020-12-15T05:32:06","guid":{"rendered":"https:\/\/www.avitasystem.com\/?page_id=3580"},"modified":"2022-05-31T13:23:33","modified_gmt":"2022-05-31T13:23:33","slug":"collaborative-culture","status":"publish","type":"page","link":"https:\/\/www.avitasystem.com\/en\/collaborative-culture\/","title":{"rendered":"Culture"},"content":{"rendered":"","protected":false},"excerpt":{"rendered":"","protected":false},"author":12,"featured_media":0,"parent":0,"menu_order":0,"comment_status":"closed","ping_status":"closed","template":"cultura-colaborativa-page.php","meta":{"_acf_changed":false,"footnotes":""},"class_list":["post-3580","page","type-page","status-publish","hentry"],"acf":[],"yoast_head":"<!-- This site is optimized with the Yoast SEO plugin v27.4 - https:\/\/yoast.com\/product\/yoast-seo-wordpress\/ -->\n<title>Ecosistema colaborativo de Construcci\u00f3n Industrializada | \u00c1VIT-A<\/title>\n<meta name=\"description\" content=\"La esencia de \u00c1VIT-A est\u00e1 en su capacidad de generar un ecosistema colaborativo entre todos sus integrantes a lo largo de la cadena de valor\" \/>\n<meta name=\"robots\" content=\"index, follow, max-snippet:-1, max-image-preview:large, max-video-preview:-1\" \/>\n<meta property=\"og:locale\" content=\"en_US\" \/>\n<meta property=\"og:type\" content=\"article\" \/>\n<meta property=\"og:title\" content=\"Cultura colaborativa | \u00c1VIT-A\" \/>\n<meta property=\"og:description\" content=\"La esencia de \u00c1VIT-A est\u00e1 en su capacidad de generar un ecosistema colaborativo entre todos sus integrantes a lo largo de la cadena de valor.\" \/>\n<meta property=\"og:url\" content=\"https:\/\/www.avitasystem.com\/en\/collaborative-culture\/\" \/>\n<meta property=\"og:site_name\" content=\"Construcci\u00f3n industrializada | \u00c1vita\" \/>\n<meta property=\"article:modified_time\" content=\"2022-05-31T13:23:33+00:00\" \/>\n<meta name=\"twitter:card\" content=\"summary_large_image\" \/>\n<meta name=\"twitter:title\" content=\"Cultura colaborativa | \u00c1VIT-A\" \/>\n<meta name=\"twitter:description\" content=\"La esencia de \u00c1VIT-A est\u00e1 en su capacidad de generar un ecosistema colaborativo entre todos sus integrantes a lo largo de la cadena de valor.\" \/>\n<script type=\"application\/ld+json\" class=\"yoast-schema-graph\">{\"@context\":\"https:\\\/\\\/schema.org\",\"@graph\":[{\"@type\":\"WebPage\",\"@id\":\"https:\\\/\\\/www.avitasystem.com\\\/en\\\/collaborative-culture\\\/\",\"url\":\"https:\\\/\\\/www.avitasystem.com\\\/en\\\/collaborative-culture\\\/\",\"name\":\"Ecosistema colaborativo de Construcci\u00f3n Industrializada | \u00c1VIT-A\",\"isPartOf\":{\"@id\":\"https:\\\/\\\/www.avitasystem.com\\\/#website\"},\"datePublished\":\"2020-12-15T05:32:06+00:00\",\"dateModified\":\"2022-05-31T13:23:33+00:00\",\"description\":\"La esencia de \u00c1VIT-A est\u00e1 en su capacidad de generar un ecosistema colaborativo entre todos sus integrantes a lo largo de la cadena de valor\",\"breadcrumb\":{\"@id\":\"https:\\\/\\\/www.avitasystem.com\\\/en\\\/collaborative-culture\\\/#breadcrumb\"},\"inLanguage\":\"en-US\",\"potentialAction\":[{\"@type\":\"ReadAction\",\"target\":[\"https:\\\/\\\/www.avitasystem.com\\\/en\\\/collaborative-culture\\\/\"]}]},{\"@type\":\"BreadcrumbList\",\"@id\":\"https:\\\/\\\/www.avitasystem.com\\\/en\\\/collaborative-culture\\\/#breadcrumb\",\"itemListElement\":[{\"@type\":\"ListItem\",\"position\":1,\"name\":\"Portada\",\"item\":\"https:\\\/\\\/www.avitasystem.com\\\/\"},{\"@type\":\"ListItem\",\"position\":2,\"name\":\"Culture\"}]},{\"@type\":\"WebSite\",\"@id\":\"https:\\\/\\\/www.avitasystem.com\\\/#website\",\"url\":\"https:\\\/\\\/www.avitasystem.com\\\/\",\"name\":\"Construcci\u00f3n industrializada | \u00c1vita\",\"description\":\"\u00e1vita, el primer sistema integral de construcci\u00f3n industrializada en Espa\u00f1a.\",\"potentialAction\":[{\"@type\":\"SearchAction\",\"target\":{\"@type\":\"EntryPoint\",\"urlTemplate\":\"https:\\\/\\\/www.avitasystem.com\\\/?s={search_term_string}\"},\"query-input\":{\"@type\":\"PropertyValueSpecification\",\"valueRequired\":true,\"valueName\":\"search_term_string\"}}],\"inLanguage\":\"en-US\"}]}<\/script>\n<!-- \/ Yoast SEO plugin. -->","yoast_head_json":{"title":"Ecosistema colaborativo de Construcci\u00f3n Industrializada | \u00c1VIT-A","description":"La esencia de \u00c1VIT-A est\u00e1 en su capacidad de generar un ecosistema colaborativo entre todos sus integrantes a lo largo de la cadena de valor","robots":{"index":"index","follow":"follow","max-snippet":"max-snippet:-1","max-image-preview":"max-image-preview:large","max-video-preview":"max-video-preview:-1"},"og_locale":"en_US","og_type":"article","og_title":"Cultura colaborativa | \u00c1VIT-A","og_description":"La esencia de \u00c1VIT-A est\u00e1 en su capacidad de generar un ecosistema colaborativo entre todos sus integrantes a lo largo de la cadena de valor.","og_url":"https:\/\/www.avitasystem.com\/en\/collaborative-culture\/","og_site_name":"Construcci\u00f3n industrializada | \u00c1vita","article_modified_time":"2022-05-31T13:23:33+00:00","twitter_card":"summary_large_image","twitter_title":"Cultura colaborativa | \u00c1VIT-A","twitter_description":"La esencia de \u00c1VIT-A est\u00e1 en su capacidad de generar un ecosistema colaborativo entre todos sus integrantes a lo largo de la cadena de valor.","schema":{"@context":"https:\/\/schema.org","@graph":[{"@type":"WebPage","@id":"https:\/\/www.avitasystem.com\/en\/collaborative-culture\/","url":"https:\/\/www.avitasystem.com\/en\/collaborative-culture\/","name":"Ecosistema colaborativo de Construcci\u00f3n Industrializada | \u00c1VIT-A","isPartOf":{"@id":"https:\/\/www.avitasystem.com\/#website"},"datePublished":"2020-12-15T05:32:06+00:00","dateModified":"2022-05-31T13:23:33+00:00","description":"La esencia de \u00c1VIT-A est\u00e1 en su capacidad de generar un ecosistema colaborativo entre todos sus integrantes a lo largo de la cadena de valor","breadcrumb":{"@id":"https:\/\/www.avitasystem.com\/en\/collaborative-culture\/#breadcrumb"},"inLanguage":"en-US","potentialAction":[{"@type":"ReadAction","target":["https:\/\/www.avitasystem.com\/en\/collaborative-culture\/"]}]},{"@type":"BreadcrumbList","@id":"https:\/\/www.avitasystem.com\/en\/collaborative-culture\/#breadcrumb","itemListElement":[{"@type":"ListItem","position":1,"name":"Portada","item":"https:\/\/www.avitasystem.com\/"},{"@type":"ListItem","position":2,"name":"Culture"}]},{"@type":"WebSite","@id":"https:\/\/www.avitasystem.com\/#website","url":"https:\/\/www.avitasystem.com\/","name":"Construcci\u00f3n industrializada | \u00c1vita","description":"\u00e1vita, el primer sistema integral de construcci\u00f3n industrializada en Espa\u00f1a.","potentialAction":[{"@type":"SearchAction","target":{"@type":"EntryPoint","urlTemplate":"https:\/\/www.avitasystem.com\/?s={search_term_string}"},"query-input":{"@type":"PropertyValueSpecification","valueRequired":true,"valueName":"search_term_string"}}],"inLanguage":"en-US"}]}},"_links":{"self":[{"href":"https:\/\/www.avitasystem.com\/en\/wp-json\/wp\/v2\/pages\/3580","targetHints":{"allow":["GET"]}}],"collection":[{"href":"https:\/\/www.avitasystem.com\/en\/wp-json\/wp\/v2\/pages"}],"about":[{"href":"https:\/\/www.avitasystem.com\/en\/wp-json\/wp\/v2\/types\/page"}],"author":[{"embeddable":true,"href":"https:\/\/www.avitasystem.com\/en\/wp-json\/wp\/v2\/users\/12"}],"replies":[{"embeddable":true,"href":"https:\/\/www.avitasystem.com\/en\/wp-json\/wp\/v2\/comments?post=3580"}],"version-history":[{"count":11,"href":"https:\/\/www.avitasystem.com\/en\/wp-json\/wp\/v2\/pages\/3580\/revisions"}],"predecessor-version":[{"id":5107,"href":"https:\/\/www.avitasystem.com\/en\/wp-json\/wp\/v2\/pages\/3580\/revisions\/5107"}],"wp:attachment":[{"href":"https:\/\/www.avitasystem.com\/en\/wp-json\/wp\/v2\/media?parent=3580"}],"curies":[{"name":"wp","href":"https:\/\/api.w.org\/{rel}","templated":true}]}}