{"id":3673,"date":"2021-11-03T05:41:03","date_gmt":"2021-11-03T05:41:03","guid":{"rendered":"https:\/\/www.avitasystem.com\/sostenibilidad\/pilares-estrategicos\/"},"modified":"2022-06-03T11:25:17","modified_gmt":"2022-06-03T11:25:17","slug":"pilares-estrategicos","status":"publish","type":"page","link":"https:\/\/www.avitasystem.com\/en\/sustainability\/pilares-estrategicos\/","title":{"rendered":"Strategic Pillars (Spanish)"},"content":{"rendered":"","protected":false},"excerpt":{"rendered":"","protected":false},"author":12,"featured_media":0,"parent":3588,"menu_order":0,"comment_status":"closed","ping_status":"closed","template":"sostenibilidad-pilares-page.php","meta":{"_acf_changed":false,"footnotes":""},"class_list":["post-3673","page","type-page","status-publish","hentry"],"acf":[],"yoast_head":"<!-- This site is optimized with the Yoast SEO plugin v27.4 - https:\/\/yoast.com\/product\/yoast-seo-wordpress\/ -->\n<title>Strategic Pillars (Spanish) - Construcci\u00f3n industrializada | \u00c1vita<\/title>\n<meta name=\"robots\" content=\"index, follow, max-snippet:-1, max-image-preview:large, max-video-preview:-1\" \/>\n<meta property=\"og:locale\" content=\"en_US\" \/>\n<meta property=\"og:type\" content=\"article\" \/>\n<meta property=\"og:title\" content=\"Strategic Pillars (Spanish) - Construcci\u00f3n industrializada | \u00c1vita\" \/>\n<meta property=\"og:url\" content=\"https:\/\/www.avitasystem.com\/en\/sustainability\/pilares-estrategicos\/\" \/>\n<meta property=\"og:site_name\" content=\"Construcci\u00f3n industrializada | \u00c1vita\" \/>\n<meta property=\"article:modified_time\" content=\"2022-06-03T11:25:17+00:00\" \/>\n<meta name=\"twitter:card\" content=\"summary_large_image\" \/>\n<script type=\"application\/ld+json\" class=\"yoast-schema-graph\">{\"@context\":\"https:\\\/\\\/schema.org\",\"@graph\":[{\"@type\":\"WebPage\",\"@id\":\"https:\\\/\\\/www.avitasystem.com\\\/en\\\/sustainability\\\/pilares-estrategicos\\\/\",\"url\":\"https:\\\/\\\/www.avitasystem.com\\\/en\\\/sustainability\\\/pilares-estrategicos\\\/\",\"name\":\"Strategic Pillars (Spanish) - Construcci\u00f3n industrializada | \u00c1vita\",\"isPartOf\":{\"@id\":\"https:\\\/\\\/www.avitasystem.com\\\/#website\"},\"datePublished\":\"2021-11-03T05:41:03+00:00\",\"dateModified\":\"2022-06-03T11:25:17+00:00\",\"breadcrumb\":{\"@id\":\"https:\\\/\\\/www.avitasystem.com\\\/en\\\/sustainability\\\/pilares-estrategicos\\\/#breadcrumb\"},\"inLanguage\":\"en-US\",\"potentialAction\":[{\"@type\":\"ReadAction\",\"target\":[\"https:\\\/\\\/www.avitasystem.com\\\/en\\\/sustainability\\\/pilares-estrategicos\\\/\"]}]},{\"@type\":\"BreadcrumbList\",\"@id\":\"https:\\\/\\\/www.avitasystem.com\\\/en\\\/sustainability\\\/pilares-estrategicos\\\/#breadcrumb\",\"itemListElement\":[{\"@type\":\"ListItem\",\"position\":1,\"name\":\"Portada\",\"item\":\"https:\\\/\\\/www.avitasystem.com\\\/\"},{\"@type\":\"ListItem\",\"position\":2,\"name\":\"Sustainability (Spanish)\",\"item\":\"https:\\\/\\\/www.avitasystem.com\\\/en\\\/sustainability\\\/\"},{\"@type\":\"ListItem\",\"position\":3,\"name\":\"Strategic Pillars (Spanish)\"}]},{\"@type\":\"WebSite\",\"@id\":\"https:\\\/\\\/www.avitasystem.com\\\/#website\",\"url\":\"https:\\\/\\\/www.avitasystem.com\\\/\",\"name\":\"Construcci\u00f3n industrializada | \u00c1vita\",\"description\":\"\u00e1vita, el primer sistema integral de construcci\u00f3n industrializada en Espa\u00f1a.\",\"potentialAction\":[{\"@type\":\"SearchAction\",\"target\":{\"@type\":\"EntryPoint\",\"urlTemplate\":\"https:\\\/\\\/www.avitasystem.com\\\/?s={search_term_string}\"},\"query-input\":{\"@type\":\"PropertyValueSpecification\",\"valueRequired\":true,\"valueName\":\"search_term_string\"}}],\"inLanguage\":\"en-US\"}]}<\/script>\n<!-- \/ Yoast SEO plugin. -->","yoast_head_json":{"title":"Strategic Pillars (Spanish) - Construcci\u00f3n industrializada | \u00c1vita","robots":{"index":"index","follow":"follow","max-snippet":"max-snippet:-1","max-image-preview":"max-image-preview:large","max-video-preview":"max-video-preview:-1"},"og_locale":"en_US","og_type":"article","og_title":"Strategic Pillars (Spanish) - Construcci\u00f3n industrializada | \u00c1vita","og_url":"https:\/\/www.avitasystem.com\/en\/sustainability\/pilares-estrategicos\/","og_site_name":"Construcci\u00f3n industrializada | \u00c1vita","article_modified_time":"2022-06-03T11:25:17+00:00","twitter_card":"summary_large_image","schema":{"@context":"https:\/\/schema.org","@graph":[{"@type":"WebPage","@id":"https:\/\/www.avitasystem.com\/en\/sustainability\/pilares-estrategicos\/","url":"https:\/\/www.avitasystem.com\/en\/sustainability\/pilares-estrategicos\/","name":"Strategic Pillars (Spanish) - Construcci\u00f3n industrializada | \u00c1vita","isPartOf":{"@id":"https:\/\/www.avitasystem.com\/#website"},"datePublished":"2021-11-03T05:41:03+00:00","dateModified":"2022-06-03T11:25:17+00:00","breadcrumb":{"@id":"https:\/\/www.avitasystem.com\/en\/sustainability\/pilares-estrategicos\/#breadcrumb"},"inLanguage":"en-US","potentialAction":[{"@type":"ReadAction","target":["https:\/\/www.avitasystem.com\/en\/sustainability\/pilares-estrategicos\/"]}]},{"@type":"BreadcrumbList","@id":"https:\/\/www.avitasystem.com\/en\/sustainability\/pilares-estrategicos\/#breadcrumb","itemListElement":[{"@type":"ListItem","position":1,"name":"Portada","item":"https:\/\/www.avitasystem.com\/"},{"@type":"ListItem","position":2,"name":"Sustainability (Spanish)","item":"https:\/\/www.avitasystem.com\/en\/sustainability\/"},{"@type":"ListItem","position":3,"name":"Strategic Pillars (Spanish)"}]},{"@type":"WebSite","@id":"https:\/\/www.avitasystem.com\/#website","url":"https:\/\/www.avitasystem.com\/","name":"Construcci\u00f3n industrializada | \u00c1vita","description":"\u00e1vita, el primer sistema integral de construcci\u00f3n industrializada en Espa\u00f1a.","potentialAction":[{"@type":"SearchAction","target":{"@type":"EntryPoint","urlTemplate":"https:\/\/www.avitasystem.com\/?s={search_term_string}"},"query-input":{"@type":"PropertyValueSpecification","valueRequired":true,"valueName":"search_term_string"}}],"inLanguage":"en-US"}]}},"_links":{"self":[{"href":"https:\/\/www.avitasystem.com\/en\/wp-json\/wp\/v2\/pages\/3673","targetHints":{"allow":["GET"]}}],"collection":[{"href":"https:\/\/www.avitasystem.com\/en\/wp-json\/wp\/v2\/pages"}],"about":[{"href":"https:\/\/www.avitasystem.com\/en\/wp-json\/wp\/v2\/types\/page"}],"author":[{"embeddable":true,"href":"https:\/\/www.avitasystem.com\/en\/wp-json\/wp\/v2\/users\/12"}],"replies":[{"embeddable":true,"href":"https:\/\/www.avitasystem.com\/en\/wp-json\/wp\/v2\/comments?post=3673"}],"version-history":[{"count":10,"href":"https:\/\/www.avitasystem.com\/en\/wp-json\/wp\/v2\/pages\/3673\/revisions"}],"predecessor-version":[{"id":5181,"href":"https:\/\/www.avitasystem.com\/en\/wp-json\/wp\/v2\/pages\/3673\/revisions\/5181"}],"up":[{"embeddable":true,"href":"https:\/\/www.avitasystem.com\/en\/wp-json\/wp\/v2\/pages\/3588"}],"wp:attachment":[{"href":"https:\/\/www.avitasystem.com\/en\/wp-json\/wp\/v2\/media?parent=3673"}],"curies":[{"name":"wp","href":"https:\/\/api.w.org\/{rel}","templated":true}]}}