{"id":3819,"date":"2020-12-31T17:31:07","date_gmt":"2020-12-31T17:31:07","guid":{"rendered":"https:\/\/www.avitasystem.com\/?page_id=3819"},"modified":"2025-03-11T09:48:26","modified_gmt":"2025-03-11T09:48:26","slug":"industrialised-construction-factory","status":"publish","type":"page","link":"https:\/\/www.avitasystem.com\/en\/industrialised-construction-factory\/","title":{"rendered":"Factory"},"content":{"rendered":"","protected":false},"excerpt":{"rendered":"","protected":false},"author":12,"featured_media":0,"parent":0,"menu_order":0,"comment_status":"closed","ping_status":"closed","template":"fabrica-page.php","meta":{"_acf_changed":false,"footnotes":""},"class_list":["post-3819","page","type-page","status-publish","hentry"],"acf":[],"yoast_head":"<!-- This site is optimized with the Yoast SEO plugin v27.5 - https:\/\/yoast.com\/product\/yoast-seo-wordpress\/ -->\n<title>Industrialised Building Factory | \u00e1vita<\/title>\n<meta name=\"description\" content=\"\u00e1vita, the first integral industrialised construction factory in Spain, created by the Grupo Avintia and Cemex Ventures.\" \/>\n<meta name=\"robots\" content=\"index, follow, max-snippet:-1, max-image-preview:large, max-video-preview:-1\" \/>\n<meta property=\"og:locale\" content=\"en_US\" \/>\n<meta property=\"og:type\" content=\"article\" \/>\n<meta property=\"og:title\" content=\"F\u00e1brica | \u00c1VIT-A\" \/>\n<meta property=\"og:description\" content=\"Primera f\u00e1brica de construcci\u00f3n industrializada integral en Espa\u00f1a. A\u00fana e integra las soluciones de los Partners que constituyen el ecosistema de \u00c1VIT-A\" \/>\n<meta property=\"og:url\" content=\"https:\/\/www.avitasystem.com\/en\/industrialised-construction-factory\/\" \/>\n<meta property=\"og:site_name\" content=\"Construcci\u00f3n industrializada | \u00c1vita\" \/>\n<meta property=\"article:modified_time\" content=\"2025-03-11T09:48:26+00:00\" \/>\n<meta name=\"twitter:card\" content=\"summary_large_image\" \/>\n<meta name=\"twitter:title\" content=\"F\u00e1brica | \u00c1VIT-A\" \/>\n<meta name=\"twitter:description\" content=\"Primera f\u00e1brica de construcci\u00f3n industrializada integral en Espa\u00f1a. A\u00fana e integra las soluciones de los Partners que constituyen el ecosistema de \u00c1VIT-A\" \/>\n<script type=\"application\/ld+json\" class=\"yoast-schema-graph\">{\"@context\":\"https:\\\/\\\/schema.org\",\"@graph\":[{\"@type\":\"WebPage\",\"@id\":\"https:\\\/\\\/www.avitasystem.com\\\/en\\\/industrialised-construction-factory\\\/\",\"url\":\"https:\\\/\\\/www.avitasystem.com\\\/en\\\/industrialised-construction-factory\\\/\",\"name\":\"Industrialised Building Factory | \u00e1vita\",\"isPartOf\":{\"@id\":\"https:\\\/\\\/www.avitasystem.com\\\/#website\"},\"datePublished\":\"2020-12-31T17:31:07+00:00\",\"dateModified\":\"2025-03-11T09:48:26+00:00\",\"description\":\"\u00e1vita, the first integral industrialised construction factory in Spain, created by the Grupo Avintia and Cemex Ventures.\",\"breadcrumb\":{\"@id\":\"https:\\\/\\\/www.avitasystem.com\\\/en\\\/industrialised-construction-factory\\\/#breadcrumb\"},\"inLanguage\":\"en-US\",\"potentialAction\":[{\"@type\":\"ReadAction\",\"target\":[\"https:\\\/\\\/www.avitasystem.com\\\/en\\\/industrialised-construction-factory\\\/\"]}]},{\"@type\":\"BreadcrumbList\",\"@id\":\"https:\\\/\\\/www.avitasystem.com\\\/en\\\/industrialised-construction-factory\\\/#breadcrumb\",\"itemListElement\":[{\"@type\":\"ListItem\",\"position\":1,\"name\":\"Portada\",\"item\":\"https:\\\/\\\/www.avitasystem.com\\\/\"},{\"@type\":\"ListItem\",\"position\":2,\"name\":\"Factory\"}]},{\"@type\":\"WebSite\",\"@id\":\"https:\\\/\\\/www.avitasystem.com\\\/#website\",\"url\":\"https:\\\/\\\/www.avitasystem.com\\\/\",\"name\":\"Construcci\u00f3n industrializada | \u00c1vita\",\"description\":\"\u00e1vita, el primer sistema integral de construcci\u00f3n industrializada en Espa\u00f1a.\",\"potentialAction\":[{\"@type\":\"SearchAction\",\"target\":{\"@type\":\"EntryPoint\",\"urlTemplate\":\"https:\\\/\\\/www.avitasystem.com\\\/?s={search_term_string}\"},\"query-input\":{\"@type\":\"PropertyValueSpecification\",\"valueRequired\":true,\"valueName\":\"search_term_string\"}}],\"inLanguage\":\"en-US\"}]}<\/script>\n<!-- \/ Yoast SEO plugin. -->","yoast_head_json":{"title":"Industrialised Building Factory | \u00e1vita","description":"\u00e1vita, the first integral industrialised construction factory in Spain, created by the Grupo Avintia and Cemex Ventures.","robots":{"index":"index","follow":"follow","max-snippet":"max-snippet:-1","max-image-preview":"max-image-preview:large","max-video-preview":"max-video-preview:-1"},"og_locale":"en_US","og_type":"article","og_title":"F\u00e1brica | \u00c1VIT-A","og_description":"Primera f\u00e1brica de construcci\u00f3n industrializada integral en Espa\u00f1a. A\u00fana e integra las soluciones de los Partners que constituyen el ecosistema de \u00c1VIT-A","og_url":"https:\/\/www.avitasystem.com\/en\/industrialised-construction-factory\/","og_site_name":"Construcci\u00f3n industrializada | \u00c1vita","article_modified_time":"2025-03-11T09:48:26+00:00","twitter_card":"summary_large_image","twitter_title":"F\u00e1brica | \u00c1VIT-A","twitter_description":"Primera f\u00e1brica de construcci\u00f3n industrializada integral en Espa\u00f1a. A\u00fana e integra las soluciones de los Partners que constituyen el ecosistema de \u00c1VIT-A","schema":{"@context":"https:\/\/schema.org","@graph":[{"@type":"WebPage","@id":"https:\/\/www.avitasystem.com\/en\/industrialised-construction-factory\/","url":"https:\/\/www.avitasystem.com\/en\/industrialised-construction-factory\/","name":"Industrialised Building Factory | \u00e1vita","isPartOf":{"@id":"https:\/\/www.avitasystem.com\/#website"},"datePublished":"2020-12-31T17:31:07+00:00","dateModified":"2025-03-11T09:48:26+00:00","description":"\u00e1vita, the first integral industrialised construction factory in Spain, created by the Grupo Avintia and Cemex Ventures.","breadcrumb":{"@id":"https:\/\/www.avitasystem.com\/en\/industrialised-construction-factory\/#breadcrumb"},"inLanguage":"en-US","potentialAction":[{"@type":"ReadAction","target":["https:\/\/www.avitasystem.com\/en\/industrialised-construction-factory\/"]}]},{"@type":"BreadcrumbList","@id":"https:\/\/www.avitasystem.com\/en\/industrialised-construction-factory\/#breadcrumb","itemListElement":[{"@type":"ListItem","position":1,"name":"Portada","item":"https:\/\/www.avitasystem.com\/"},{"@type":"ListItem","position":2,"name":"Factory"}]},{"@type":"WebSite","@id":"https:\/\/www.avitasystem.com\/#website","url":"https:\/\/www.avitasystem.com\/","name":"Construcci\u00f3n industrializada | \u00c1vita","description":"\u00e1vita, el primer sistema integral de construcci\u00f3n industrializada en Espa\u00f1a.","potentialAction":[{"@type":"SearchAction","target":{"@type":"EntryPoint","urlTemplate":"https:\/\/www.avitasystem.com\/?s={search_term_string}"},"query-input":{"@type":"PropertyValueSpecification","valueRequired":true,"valueName":"search_term_string"}}],"inLanguage":"en-US"}]}},"_links":{"self":[{"href":"https:\/\/www.avitasystem.com\/en\/wp-json\/wp\/v2\/pages\/3819","targetHints":{"allow":["GET"]}}],"collection":[{"href":"https:\/\/www.avitasystem.com\/en\/wp-json\/wp\/v2\/pages"}],"about":[{"href":"https:\/\/www.avitasystem.com\/en\/wp-json\/wp\/v2\/types\/page"}],"author":[{"embeddable":true,"href":"https:\/\/www.avitasystem.com\/en\/wp-json\/wp\/v2\/users\/12"}],"replies":[{"embeddable":true,"href":"https:\/\/www.avitasystem.com\/en\/wp-json\/wp\/v2\/comments?post=3819"}],"version-history":[{"count":13,"href":"https:\/\/www.avitasystem.com\/en\/wp-json\/wp\/v2\/pages\/3819\/revisions"}],"predecessor-version":[{"id":8040,"href":"https:\/\/www.avitasystem.com\/en\/wp-json\/wp\/v2\/pages\/3819\/revisions\/8040"}],"wp:attachment":[{"href":"https:\/\/www.avitasystem.com\/en\/wp-json\/wp\/v2\/media?parent=3819"}],"curies":[{"name":"wp","href":"https:\/\/api.w.org\/{rel}","templated":true}]}}