{"id":3921,"date":"2022-04-21T01:27:03","date_gmt":"2022-04-21T01:27:03","guid":{"rendered":"https:\/\/www.avitasystem.com\/?page_id=3921"},"modified":"2022-05-09T18:54:57","modified_gmt":"2022-05-09T18:54:57","slug":"terms-and-conditions","status":"publish","type":"page","link":"https:\/\/www.avitasystem.com\/en\/terms-and-conditions\/","title":{"rendered":"Legal Notice"},"content":{"rendered":"<p>Avintia Industrial S.L., hereinafter COMPANY, with registered address of Calle Emisora, N.\u00ba 20 Pozuelo de Alarc\u00f3n, Madrid with PC 28224 and Company Tax ID no.: B-88235528, is the owner of this website.<\/p>\n<p>The use of the Website implies the User\u2019s full acceptance of all the General Conditions of Use of the Website in force at the time when the User accesses it, so if they are not in agreement with them, they should not use the Website. The COMPANY reserves the right to change the General Conditions of Use at any time, as well as any other general or particular conditions, rules of use, instructions or warnings that may apply. Likewise, it reserves the right to suspend, interrupt or stop operating the Website at any time.<\/p>\n<p>Access to the Website by Users is free and of no cost, however some of the services offered by the COMPANY may be subject to Particular Conditions, in which case they will always be made available. The access, navigation and use of the Website is the responsibility of the User, so they promise to use the contents diligently, correctly and legally.<\/p>\n<h3>INTELLECTUAL AND INDUSTRIAL PROPERTY<\/h3>\n<p>All the rights regarding the content of this website belong to the COMPANY, except the rights of companies with which it has signed the corresponding contract for the provision of content, and it is protected by the national and international standards for intellectual and industrial property.<\/p>\n<p>Users accept that the Website has been created and developed with information from internal and external sources and it provides this information to users in its current conditions; it may contain inaccuracies or errors. Therefore, users exonerate the COMPANY from any responsibility related to the reliability, usefulness or false expectation that the Website may have produced while navigating.<\/p>\n<p>All the contents of the COMPANY\u2019s Website are protected by Industrial and Intellectual Property laws. The brands, business names and distinctive marks of any types that appear on the Website are the property of the COMPANY or of their legitimate owners. The use or access of the page does not give users any rights regarding these types of marks.<\/p>\n<p>The COMPANY authorises Users to use, view, print or download the content of the Website only and exclusively for their private use. Therefore, any communication and\/or distribution of that content for commercial or lucrative purposes is strictly prohibited, as is any modification, alteration or decompiling of the content. For any use other than those expressly permitted, it will be necessary to obtain written consent from the owner of the rights in question, and a lack of response may never be considered an assumed authorisation.<\/p>\n","protected":false},"excerpt":{"rendered":"<p>Avintia Industrial S.L., hereinafter COMPANY, with registered address of Calle Emisora, N.\u00ba 20 Pozuelo de Alarc\u00f3n, Madrid with PC 28224 and Company Tax ID no.: B-88235528, is the owner of this website. The use of the Website implies the User\u2019s full acceptance of all the General Conditions of Use of the Website in force at &hellip; <\/p>\n<p class=\"link-more\"><a href=\"https:\/\/www.avitasystem.com\/en\/terms-and-conditions\/\" class=\"more-link\">Continue reading<span class=\"screen-reader-text\"> &#8220;Legal Notice&#8221;<\/span><\/a><\/p>\n","protected":false},"author":12,"featured_media":0,"parent":0,"menu_order":0,"comment_status":"closed","ping_status":"closed","template":"aviso-legal-page.php","meta":{"_acf_changed":false,"footnotes":""},"class_list":["post-3921","page","type-page","status-publish","hentry"],"acf":[],"yoast_head":"<!-- This site is optimized with the Yoast SEO plugin v27.3 - https:\/\/yoast.com\/product\/yoast-seo-wordpress\/ -->\n<title>Legal Notice - Construcci\u00f3n industrializada | \u00c1vita<\/title>\n<meta name=\"robots\" content=\"index, follow, max-snippet:-1, max-image-preview:large, max-video-preview:-1\" \/>\n<meta property=\"og:locale\" content=\"en_US\" \/>\n<meta property=\"og:type\" content=\"article\" \/>\n<meta property=\"og:title\" content=\"Legal Notice - Construcci\u00f3n industrializada | \u00c1vita\" \/>\n<meta property=\"og:description\" content=\"Avintia Industrial S.L., hereinafter COMPANY, with registered address of Calle Emisora, N.\u00ba 20 Pozuelo de Alarc\u00f3n, Madrid with PC 28224 and Company Tax ID no.: B-88235528, is the owner of this website. The use of the Website implies the User\u2019s full acceptance of all the General Conditions of Use of the Website in force at &hellip; Continue reading &quot;Legal Notice&quot;\" \/>\n<meta property=\"og:url\" content=\"https:\/\/www.avitasystem.com\/en\/terms-and-conditions\/\" \/>\n<meta property=\"og:site_name\" content=\"Construcci\u00f3n industrializada | \u00c1vita\" \/>\n<meta property=\"article:modified_time\" content=\"2022-05-09T18:54:57+00:00\" \/>\n<meta name=\"twitter:card\" content=\"summary_large_image\" \/>\n<script type=\"application\/ld+json\" class=\"yoast-schema-graph\">{\"@context\":\"https:\\\/\\\/schema.org\",\"@graph\":[{\"@type\":\"WebPage\",\"@id\":\"https:\\\/\\\/www.avitasystem.com\\\/en\\\/terms-and-conditions\\\/\",\"url\":\"https:\\\/\\\/www.avitasystem.com\\\/en\\\/terms-and-conditions\\\/\",\"name\":\"Legal Notice - Construcci\u00f3n industrializada | \u00c1vita\",\"isPartOf\":{\"@id\":\"https:\\\/\\\/www.avitasystem.com\\\/#website\"},\"datePublished\":\"2022-04-21T01:27:03+00:00\",\"dateModified\":\"2022-05-09T18:54:57+00:00\",\"breadcrumb\":{\"@id\":\"https:\\\/\\\/www.avitasystem.com\\\/en\\\/terms-and-conditions\\\/#breadcrumb\"},\"inLanguage\":\"en-US\",\"potentialAction\":[{\"@type\":\"ReadAction\",\"target\":[\"https:\\\/\\\/www.avitasystem.com\\\/en\\\/terms-and-conditions\\\/\"]}]},{\"@type\":\"BreadcrumbList\",\"@id\":\"https:\\\/\\\/www.avitasystem.com\\\/en\\\/terms-and-conditions\\\/#breadcrumb\",\"itemListElement\":[{\"@type\":\"ListItem\",\"position\":1,\"name\":\"Portada\",\"item\":\"https:\\\/\\\/www.avitasystem.com\\\/\"},{\"@type\":\"ListItem\",\"position\":2,\"name\":\"Legal Notice\"}]},{\"@type\":\"WebSite\",\"@id\":\"https:\\\/\\\/www.avitasystem.com\\\/#website\",\"url\":\"https:\\\/\\\/www.avitasystem.com\\\/\",\"name\":\"Construcci\u00f3n industrializada | \u00c1vita\",\"description\":\"\u00e1vita, el primer sistema integral de construcci\u00f3n industrializada en Espa\u00f1a.\",\"potentialAction\":[{\"@type\":\"SearchAction\",\"target\":{\"@type\":\"EntryPoint\",\"urlTemplate\":\"https:\\\/\\\/www.avitasystem.com\\\/?s={search_term_string}\"},\"query-input\":{\"@type\":\"PropertyValueSpecification\",\"valueRequired\":true,\"valueName\":\"search_term_string\"}}],\"inLanguage\":\"en-US\"}]}<\/script>\n<!-- \/ Yoast SEO plugin. -->","yoast_head_json":{"title":"Legal Notice - Construcci\u00f3n industrializada | \u00c1vita","robots":{"index":"index","follow":"follow","max-snippet":"max-snippet:-1","max-image-preview":"max-image-preview:large","max-video-preview":"max-video-preview:-1"},"og_locale":"en_US","og_type":"article","og_title":"Legal Notice - Construcci\u00f3n industrializada | \u00c1vita","og_description":"Avintia Industrial S.L., hereinafter COMPANY, with registered address of Calle Emisora, N.\u00ba 20 Pozuelo de Alarc\u00f3n, Madrid with PC 28224 and Company Tax ID no.: B-88235528, is the owner of this website. The use of the Website implies the User\u2019s full acceptance of all the General Conditions of Use of the Website in force at &hellip; Continue reading \"Legal Notice\"","og_url":"https:\/\/www.avitasystem.com\/en\/terms-and-conditions\/","og_site_name":"Construcci\u00f3n industrializada | \u00c1vita","article_modified_time":"2022-05-09T18:54:57+00:00","twitter_card":"summary_large_image","schema":{"@context":"https:\/\/schema.org","@graph":[{"@type":"WebPage","@id":"https:\/\/www.avitasystem.com\/en\/terms-and-conditions\/","url":"https:\/\/www.avitasystem.com\/en\/terms-and-conditions\/","name":"Legal Notice - Construcci\u00f3n industrializada | \u00c1vita","isPartOf":{"@id":"https:\/\/www.avitasystem.com\/#website"},"datePublished":"2022-04-21T01:27:03+00:00","dateModified":"2022-05-09T18:54:57+00:00","breadcrumb":{"@id":"https:\/\/www.avitasystem.com\/en\/terms-and-conditions\/#breadcrumb"},"inLanguage":"en-US","potentialAction":[{"@type":"ReadAction","target":["https:\/\/www.avitasystem.com\/en\/terms-and-conditions\/"]}]},{"@type":"BreadcrumbList","@id":"https:\/\/www.avitasystem.com\/en\/terms-and-conditions\/#breadcrumb","itemListElement":[{"@type":"ListItem","position":1,"name":"Portada","item":"https:\/\/www.avitasystem.com\/"},{"@type":"ListItem","position":2,"name":"Legal Notice"}]},{"@type":"WebSite","@id":"https:\/\/www.avitasystem.com\/#website","url":"https:\/\/www.avitasystem.com\/","name":"Construcci\u00f3n industrializada | \u00c1vita","description":"\u00e1vita, el primer sistema integral de construcci\u00f3n industrializada en Espa\u00f1a.","potentialAction":[{"@type":"SearchAction","target":{"@type":"EntryPoint","urlTemplate":"https:\/\/www.avitasystem.com\/?s={search_term_string}"},"query-input":{"@type":"PropertyValueSpecification","valueRequired":true,"valueName":"search_term_string"}}],"inLanguage":"en-US"}]}},"_links":{"self":[{"href":"https:\/\/www.avitasystem.com\/en\/wp-json\/wp\/v2\/pages\/3921","targetHints":{"allow":["GET"]}}],"collection":[{"href":"https:\/\/www.avitasystem.com\/en\/wp-json\/wp\/v2\/pages"}],"about":[{"href":"https:\/\/www.avitasystem.com\/en\/wp-json\/wp\/v2\/types\/page"}],"author":[{"embeddable":true,"href":"https:\/\/www.avitasystem.com\/en\/wp-json\/wp\/v2\/users\/12"}],"replies":[{"embeddable":true,"href":"https:\/\/www.avitasystem.com\/en\/wp-json\/wp\/v2\/comments?post=3921"}],"version-history":[{"count":8,"href":"https:\/\/www.avitasystem.com\/en\/wp-json\/wp\/v2\/pages\/3921\/revisions"}],"predecessor-version":[{"id":4203,"href":"https:\/\/www.avitasystem.com\/en\/wp-json\/wp\/v2\/pages\/3921\/revisions\/4203"}],"wp:attachment":[{"href":"https:\/\/www.avitasystem.com\/en\/wp-json\/wp\/v2\/media?parent=3921"}],"curies":[{"name":"wp","href":"https:\/\/api.w.org\/{rel}","templated":true}]}}