{"id":3928,"date":"2022-04-21T01:32:55","date_gmt":"2022-04-21T01:32:55","guid":{"rendered":"https:\/\/www.avitasystem.com\/?page_id=3928"},"modified":"2022-05-09T21:28:18","modified_gmt":"2022-05-09T21:28:18","slug":"privacy-policy","status":"publish","type":"page","link":"https:\/\/www.avitasystem.com\/en\/privacy-policy\/","title":{"rendered":"Privacy Policy"},"content":{"rendered":"<h3>PRIVACY POLICY AND PROCESSING OF PERSONAL DATA<\/h3>\n<p><strong>SCOPE OF THE PRIVACY POLICY AND PROCESSING OF PERSONAL DATA<\/strong><\/p>\n<p>This personal data processing policy will be applicable to users of the \u00c1VIT-A website, property of Avintia Industrial S.L., as well as to all physical persons who provide their personal data through the channels enabled and indicated for that purpose.<\/p>\n<p><strong>IDENTIFICATION OF THE DATA CONTROLLER<\/strong><br \/>\nThe data controller for users\u2019 personal data is Avintia industrial, S.L. with registered address of C\/ Emisora, 20 \u2013 Pozuelo de Alarc\u00f3n \u2013 28224 Madrid, and Company Tax ID no. B-88235528.<\/p>\n<p><strong>DATA PROTECTION OFFICER<\/strong><br \/>\nWe inform the interested party that they may contact our Data Protection Officer at the following address: dpo@grupoavintia.com.<\/p>\n<p><strong>CATEGORIES OF PERSONAL DATA SUBJECT TO PROCESSING<\/strong><br \/>\nThe personal data collected on the forms and documents enabled by Avintia Industrial, S.L. on its \u00c1VIT-A web page (hereinafter, \u00c1VIT-A) are identifying (name, surnames, address, ID no., email) and economic-financial (credit\/debit card number, account number).<br \/>\nIn general, and except when specified otherwise on the form or document being used to collect the data, these data will be mandatory for the purposes for which they are being collected in each case. The absence of data considered mandatory will make it impossible to attend to the request of the interested party.<\/p>\n<p><strong>PROCESSING OF PERSONAL DATA AND DURATION<\/strong><br \/>\nThe personal data provided by the interested party will be processed for the following purposes:<\/p>\n<p>1. To administer user requests for information. The personal data of those requesting information will be processed for the sole purpose of attending to said requests, within the terms of the law, and to be able to supply the information required. These personal data will be kept for the time necessary to manage the request and the potential responsibilities derived from it, after which they will be deleted.<\/p>\n<p>2. To manage the processes of selecting personnel for public job offers. The personal data of job applicants and those people who participate in selection processes will be processed solely for the selection of candidates and to manage applications to public job offers. Their data will be kept for 6 months, after which they will be deleted.<\/p>\n<p>3. Sending the Newsletter: The data provided by users will be processed for the purpose of sending the Newsletter with communications and corporate information from \u00c1VIT-A or from other companies in Grupo Avintia. The data will be kept until the affected party requests to unsubscribe from these messages, at which time they will be deleted.<\/p>\n<p><strong>LEGITIMACY OF THE PROCESSING OF PERSONAL DATA<\/strong><br \/>\nIn general, the processing of personal data by \u00c1VIT-A will respond to the free consent of the interested party, which they must give expressly and explicitly through the channels enabled for that purpose. This consent may be revoked at any time by stating as such through the channels indicated to exercise rights via sending a written communication to C\/ Emisora, 20 \u2013 Pozuelo de Alarc\u00f3n \u2013 28224 Madrid, or an e-mail to: dpo@grupoavintia.com.<\/p>\n<p><strong>CESSION, COMMUNICATION AND TRANSFERS OF DATA TO THIRD PARTIES:<\/strong><br \/>\nIn compliance with the law, your data may be communicated to the Public Administration and other jurisdictional bodies when required. We further inform you that your data may be communicated to other companies in Grupo Avintia, S.L.<br \/>\n\u00c1VIT-A does not transform or plan to transfer data internationally to third parties. If it were to do so, it would be done in compliance with legal previsions, recommendations and instructions for that purpose established under current Regulations and the Supervisory Authority.<\/p>\n<p><strong>RIGHTS OF INTERESTED PARTIES IN RELATION TO DATA PROTECTION<\/strong><br \/>\nIn accordance with the Data Protection regulations in force, we inform you that you have the following rights:<br \/>\n\u2022 Right of access. This is the right to contact the Data Controller to find out if your data are being processed and for what purpose, and to obtain a copy of them.<\/p>\n<p>\u2022 Right of rectification. This is the right to rectify inexact or incomplete personal data without the undue delay of the Data Controller.<\/p>\n<p>\u2022 Right of portability. This is the right to request the delivery of personal data in a structured format, for common use, interoperable for mechanical reading, and that can be transferred to another Controller, provided that the processing is based on consent or the execution of a contract.<\/p>\n<p>\u2022 Right of suppression. This is the right to request the suppression of your personal data in the following situations:<\/p>\n<ul>\n<li>If they are not necessary for the purpose for which they were obtained.<\/li>\n<li>If they are based on consent.<\/li>\n<li>If you have exercised your right of opposition.<\/li>\n<li>If the data have been processed illegally.<\/li>\n<li>If the data must be suppressed due to a legal obligation.<\/li>\n<li>If they have been obtained in relation to the tendering of services of the information society.<\/li>\n<\/ul>\n<p>\u2022 Right of opposition. This is the right of the interested party to oppose the Controller doing any of the following processing:<\/p>\n<ul>\n<li>When it is based in legitimate interest or public interest, including the creation of profiles.<\/li>\n<li>When it is for the purposes of direct marketing.<\/li>\n<\/ul>\n<p>\u2022 Right to the limitation of personal data processing. This is the right to request the limitation of processing, either requesting that the processing of the data be suspended or for the data to be kept for another purpose.<\/p>\n<p>\u2022 Right to not be the subject of automated decisions. This right intends to guarantee that you are not the subject of a decision based only on the processing of your data, including the creation of profiles, creating any legal implications for you or significantly affecting you in any similar way.<br \/>\nThe interested party may exercise their rights under the terms set out in the law, and present a claim before the Spanish Data Protection Agency (www.aepd.es). To do so, they can send a letter to: C\/ Emisora, 20 \u2013 Pozuelo de Alarc\u00f3n \u2013 28224 Madrid, or contact our Data Protection Officer through the email: dpo@grupoavintia.com.<\/p>\n<p>\u00c1VIT-A guarantees the adoption of the security measures established in article 9 of Organic Law 15\/1999 on Personal Data Protection, and Royal Decree 1720\/2007, which approves the Regulation on security measures of automated files that contain personal data.<br \/>\n\u00c1VIT-A reserves the right to change or adapt this Privacy and Cookies Policy. The current conditions can always be found on this page.<br \/>\nWe recommend visiting it every time you browse the site in order to always be informed before providing us with any of your data.<\/p>\n<p><strong>LINKS POLICY<\/strong><br \/>\nOn the Website Users may find links to other web pages via different buttons, links, etc. These links are not a suggestion, invitation or recommendation to visit these other sites, and so \u00c1VIT-A is not responsible for the results obtained through them.<\/p>\n<p>The hyperlinks contained on the Website may lead to third-party web pages, and \u00c1VIT-A assumes no responsibility for the content, information or services that may appear on those pages, and in no case will they imply any relationship between \u00c1VIT-A and the people or entities that own such content.<\/p>\n<p><strong>ANTI-SPAMMING POLICY<\/strong><br \/>\n\u00c1VIT-A is against the practice of SPAM (mass and continued sending of emails with advertising messages, usually commercial, aimed at a plurality of people and not requested).<br \/>\nThus, the users or third parties harmed by the reception of advertising SPAM to which they have not given their prior consent can contact \u00c1VIT-A to prevent the situation from recurring in the future.<\/p>\n<p><strong>LIABILITY DISCLAIMER<\/strong><br \/>\n\u00c1VIT-A declines all responsibility with regard to the information found outside and within this page when it is not managed directly by its webmaster. The company reserves the right to, at any time and without previous warning, make changes and updates to the information contained on its Website or in its configuration and presentation, and to temporarily suspend access to it. Access to this Website and any use made of the information contained in it is the exclusive responsibility of the person doing so. \u00c1VIT-A will not be liable for any harm or losses that may derive from said access or information use. Furthermore, \u00c1VIT-A will take the any legal measures it sees fit to prevent any type of illegal conduct and will cooperate with authorities in identifying the persons responsible for introducing content onto its Website that could be illegal.<br \/>\nLikewise, \u00c1VIT-A is not liable for possible security errors that may occur nor possible harm that could be caused to the User&#8217;s computer system (hardware and software), or for the files or documents stored on it, as a result of the presence of a virus on the User&#8217;s computer used to connect to the services and content of the website, a malfunctioning of the browser, or not using the latest browser version.<\/p>\n<p><strong>JURISDICTION AND APPLICABLE LAW<\/strong><br \/>\nThe law applicable to the content of the \u00c1VIT-A website will be Spanish law, and the jurisdiction to which the owner of this page is subject to for resolving any controversy that may derive from its relationship with the User is that of the competent Courts and Tribunals of Madrid, Spain.<\/p>\n","protected":false},"excerpt":{"rendered":"<p>PRIVACY POLICY AND PROCESSING OF PERSONAL DATA SCOPE OF THE PRIVACY POLICY AND PROCESSING OF PERSONAL DATA This personal data processing policy will be applicable to users of the \u00c1VIT-A website, property of Avintia Industrial S.L., as well as to all physical persons who provide their personal data through the channels enabled and indicated for &hellip; <\/p>\n<p class=\"link-more\"><a href=\"https:\/\/www.avitasystem.com\/en\/privacy-policy\/\" class=\"more-link\">Continue reading<span class=\"screen-reader-text\"> &#8220;Privacy Policy&#8221;<\/span><\/a><\/p>\n","protected":false},"author":12,"featured_media":0,"parent":0,"menu_order":0,"comment_status":"closed","ping_status":"closed","template":"politica-de-privacidad-page.php","meta":{"_acf_changed":false,"footnotes":""},"class_list":["post-3928","page","type-page","status-publish","hentry"],"acf":[],"yoast_head":"<!-- This site is optimized with the Yoast SEO plugin v27.4 - https:\/\/yoast.com\/product\/yoast-seo-wordpress\/ -->\n<title>Privacy Policy - Construcci\u00f3n industrializada | \u00c1vita<\/title>\n<meta name=\"robots\" content=\"index, follow, max-snippet:-1, max-image-preview:large, max-video-preview:-1\" \/>\n<meta property=\"og:locale\" content=\"en_US\" \/>\n<meta property=\"og:type\" content=\"article\" \/>\n<meta property=\"og:title\" content=\"Privacy Policy - Construcci\u00f3n industrializada | \u00c1vita\" \/>\n<meta property=\"og:description\" content=\"PRIVACY POLICY AND PROCESSING OF PERSONAL DATA SCOPE OF THE PRIVACY POLICY AND PROCESSING OF PERSONAL DATA This personal data processing policy will be applicable to users of the \u00c1VIT-A website, property of Avintia Industrial S.L., as well as to all physical persons who provide their personal data through the channels enabled and indicated for &hellip; Continue reading &quot;Privacy Policy&quot;\" \/>\n<meta property=\"og:url\" content=\"https:\/\/www.avitasystem.com\/en\/privacy-policy\/\" \/>\n<meta property=\"og:site_name\" content=\"Construcci\u00f3n industrializada | \u00c1vita\" \/>\n<meta property=\"article:modified_time\" content=\"2022-05-09T21:28:18+00:00\" \/>\n<meta name=\"twitter:card\" content=\"summary_large_image\" \/>\n<script type=\"application\/ld+json\" class=\"yoast-schema-graph\">{\"@context\":\"https:\\\/\\\/schema.org\",\"@graph\":[{\"@type\":\"WebPage\",\"@id\":\"https:\\\/\\\/www.avitasystem.com\\\/en\\\/privacy-policy\\\/\",\"url\":\"https:\\\/\\\/www.avitasystem.com\\\/en\\\/privacy-policy\\\/\",\"name\":\"Privacy Policy - Construcci\u00f3n industrializada | \u00c1vita\",\"isPartOf\":{\"@id\":\"https:\\\/\\\/www.avitasystem.com\\\/#website\"},\"datePublished\":\"2022-04-21T01:32:55+00:00\",\"dateModified\":\"2022-05-09T21:28:18+00:00\",\"breadcrumb\":{\"@id\":\"https:\\\/\\\/www.avitasystem.com\\\/en\\\/privacy-policy\\\/#breadcrumb\"},\"inLanguage\":\"en-US\",\"potentialAction\":[{\"@type\":\"ReadAction\",\"target\":[\"https:\\\/\\\/www.avitasystem.com\\\/en\\\/privacy-policy\\\/\"]}]},{\"@type\":\"BreadcrumbList\",\"@id\":\"https:\\\/\\\/www.avitasystem.com\\\/en\\\/privacy-policy\\\/#breadcrumb\",\"itemListElement\":[{\"@type\":\"ListItem\",\"position\":1,\"name\":\"Portada\",\"item\":\"https:\\\/\\\/www.avitasystem.com\\\/\"},{\"@type\":\"ListItem\",\"position\":2,\"name\":\"Privacy Policy\"}]},{\"@type\":\"WebSite\",\"@id\":\"https:\\\/\\\/www.avitasystem.com\\\/#website\",\"url\":\"https:\\\/\\\/www.avitasystem.com\\\/\",\"name\":\"Construcci\u00f3n industrializada | \u00c1vita\",\"description\":\"\u00e1vita, el primer sistema integral de construcci\u00f3n industrializada en Espa\u00f1a.\",\"potentialAction\":[{\"@type\":\"SearchAction\",\"target\":{\"@type\":\"EntryPoint\",\"urlTemplate\":\"https:\\\/\\\/www.avitasystem.com\\\/?s={search_term_string}\"},\"query-input\":{\"@type\":\"PropertyValueSpecification\",\"valueRequired\":true,\"valueName\":\"search_term_string\"}}],\"inLanguage\":\"en-US\"}]}<\/script>\n<!-- \/ Yoast SEO plugin. -->","yoast_head_json":{"title":"Privacy Policy - Construcci\u00f3n industrializada | \u00c1vita","robots":{"index":"index","follow":"follow","max-snippet":"max-snippet:-1","max-image-preview":"max-image-preview:large","max-video-preview":"max-video-preview:-1"},"og_locale":"en_US","og_type":"article","og_title":"Privacy Policy - Construcci\u00f3n industrializada | \u00c1vita","og_description":"PRIVACY POLICY AND PROCESSING OF PERSONAL DATA SCOPE OF THE PRIVACY POLICY AND PROCESSING OF PERSONAL DATA This personal data processing policy will be applicable to users of the \u00c1VIT-A website, property of Avintia Industrial S.L., as well as to all physical persons who provide their personal data through the channels enabled and indicated for &hellip; Continue reading \"Privacy Policy\"","og_url":"https:\/\/www.avitasystem.com\/en\/privacy-policy\/","og_site_name":"Construcci\u00f3n industrializada | \u00c1vita","article_modified_time":"2022-05-09T21:28:18+00:00","twitter_card":"summary_large_image","schema":{"@context":"https:\/\/schema.org","@graph":[{"@type":"WebPage","@id":"https:\/\/www.avitasystem.com\/en\/privacy-policy\/","url":"https:\/\/www.avitasystem.com\/en\/privacy-policy\/","name":"Privacy Policy - Construcci\u00f3n industrializada | \u00c1vita","isPartOf":{"@id":"https:\/\/www.avitasystem.com\/#website"},"datePublished":"2022-04-21T01:32:55+00:00","dateModified":"2022-05-09T21:28:18+00:00","breadcrumb":{"@id":"https:\/\/www.avitasystem.com\/en\/privacy-policy\/#breadcrumb"},"inLanguage":"en-US","potentialAction":[{"@type":"ReadAction","target":["https:\/\/www.avitasystem.com\/en\/privacy-policy\/"]}]},{"@type":"BreadcrumbList","@id":"https:\/\/www.avitasystem.com\/en\/privacy-policy\/#breadcrumb","itemListElement":[{"@type":"ListItem","position":1,"name":"Portada","item":"https:\/\/www.avitasystem.com\/"},{"@type":"ListItem","position":2,"name":"Privacy Policy"}]},{"@type":"WebSite","@id":"https:\/\/www.avitasystem.com\/#website","url":"https:\/\/www.avitasystem.com\/","name":"Construcci\u00f3n industrializada | \u00c1vita","description":"\u00e1vita, el primer sistema integral de construcci\u00f3n industrializada en Espa\u00f1a.","potentialAction":[{"@type":"SearchAction","target":{"@type":"EntryPoint","urlTemplate":"https:\/\/www.avitasystem.com\/?s={search_term_string}"},"query-input":{"@type":"PropertyValueSpecification","valueRequired":true,"valueName":"search_term_string"}}],"inLanguage":"en-US"}]}},"_links":{"self":[{"href":"https:\/\/www.avitasystem.com\/en\/wp-json\/wp\/v2\/pages\/3928","targetHints":{"allow":["GET"]}}],"collection":[{"href":"https:\/\/www.avitasystem.com\/en\/wp-json\/wp\/v2\/pages"}],"about":[{"href":"https:\/\/www.avitasystem.com\/en\/wp-json\/wp\/v2\/types\/page"}],"author":[{"embeddable":true,"href":"https:\/\/www.avitasystem.com\/en\/wp-json\/wp\/v2\/users\/12"}],"replies":[{"embeddable":true,"href":"https:\/\/www.avitasystem.com\/en\/wp-json\/wp\/v2\/comments?post=3928"}],"version-history":[{"count":13,"href":"https:\/\/www.avitasystem.com\/en\/wp-json\/wp\/v2\/pages\/3928\/revisions"}],"predecessor-version":[{"id":4204,"href":"https:\/\/www.avitasystem.com\/en\/wp-json\/wp\/v2\/pages\/3928\/revisions\/4204"}],"wp:attachment":[{"href":"https:\/\/www.avitasystem.com\/en\/wp-json\/wp\/v2\/media?parent=3928"}],"curies":[{"name":"wp","href":"https:\/\/api.w.org\/{rel}","templated":true}]}}